{"id":1826,"date":"2020-12-14T08:42:39","date_gmt":"2020-12-14T08:42:39","guid":{"rendered":"https:\/\/designdisaster.unibz.it\/2020\/?page_id=1826"},"modified":"2020-12-15T17:54:09","modified_gmt":"2020-12-15T17:54:09","slug":"a-guide-to-careful-language-and-redesigning-communication","status":"publish","type":"page","link":"https:\/\/designdisaster.unibz.it\/2020\/a-guide-to-careful-language-and-redesigning-communication\/","title":{"rendered":"A guide to: Careful Language and redesigning communication &#8211; on being inclusive in the way we speak"},"content":{"rendered":"\n<p><\/p>\n\n\n\n<p>We are Marie Romeijn and Pia Deppermann, two art and design students at the free university of Bolzano.<\/p>\n\n\n\n<p>The aim of the workshop is to explore \u201clanguage\u201d, in order to shed light on the issue of \u2018care\u2019 in our very basic means of communication. The workshop will begin with a presentation of already existing ways to use non-violent language. This will be followed by a co-creative process in which we will redesign the words we are using to grasp our world. Let us break free from categories and dive into an inclusive and sensitive vocabulary.<\/p>\n\n\n\n<p>Language is a tool to make sense of our world, to communicate our vision, to visualize our perception. At the same time, it can become a tool to exclude parts of the world, to allow only certain visions, to force a particular perception.<\/p>\n\n\n\n<p>Language can not only report violence or call for violence, it can itself be a form of violence. Verbal violence is any form of hurtful language that leads to people and groups being degraded, stigmatized or excluded in their social position. It is important to listen to those affected when they draw attention to e.g. racist, sexist language, as well as to be attentive in your own language. Only in this way, a fundamentally inclusive, non-violent and peaceful world can be thought:<\/p>\n\n\n\n<p>By changing how we are talking, what we are talking about and to whom we give a stage to talk, we can be more inclusive.<\/p>\n\n\n\n<h4 class=\"wp-block-heading\">How is language affecting our way of thinking?<\/h4>\n\n\n\n<h4 class=\"wp-block-heading\"> How to be aware of violent language?<\/h4>\n\n\n\n<h4 class=\"wp-block-heading\">Tools to communicate in a non-violent way.<\/h4>\n\n\n\n<h5 class=\"wp-block-heading\"><strong>Recommended media:<\/strong><\/h5>\n\n\n\n<ul class=\"wp-block-list\"><li>\u00a0Website: CIJ Center for intersectional justice <a href=\"https:\/\/www.intersectionaljustice.org\/\">https:\/\/www.intersectionaljustice.org\/<\/a><\/li><\/ul>\n\n\n\n<ul class=\"wp-block-list\"><li>&nbsp;Book: Sprache und Sein K\u00fcbra G\u00fcm\u00fc \u015fay (Only in german)<\/li><\/ul>\n\n\n\n<ul class=\"wp-block-list\"><li>Instagram: rise.and.revolt <a href=\"https:\/\/www.instagram.com\/rise.and.revolt\/\">https:\/\/www.instagram.com\/rise.and.revolt\/<\/a><\/li><\/ul>\n\n\n\n<ul class=\"wp-block-list\"><li>&nbsp;Video: <a href=\"https:\/\/www.ted.com\/talks\/lera_boroditsky_how_language_shapes_the_way_we_think &nbsp;5:30 min\">https:\/\/www.ted.com\/talks\/lera_boroditsky_how_language_shapes_the_way_we_think &nbsp;5:30 min<\/a><\/li><\/ul>\n","protected":false},"excerpt":{"rendered":"<p>We are Marie Romeijn and Pia Deppermann, two art and design students at the free university of Bolzano. The aim of the workshop is to explore \u201clanguage\u201d, in order to shed light on the issue of \u2018care\u2019 in our very basic means of communication. The workshop will begin with a presentation of already existing ways [&hellip;]<\/p>\n","protected":false},"author":1004,"featured_media":1841,"parent":0,"menu_order":0,"comment_status":"closed","ping_status":"closed","template":"","meta":{"_acf_changed":false,"footnotes":""},"class_list":["post-1826","page","type-page","status-publish","has-post-thumbnail","hentry"],"acf":[],"yoast_head":"<!-- This site is optimized with the Yoast SEO plugin v25.5 - https:\/\/yoast.com\/wordpress\/plugins\/seo\/ -->\n<title>M. Romeijn &amp; P. Deppermann: Workshop, 18 Dec | A guide to: Careful Language and redesigning communication - on being inclusive in the way we speak<\/title>\n<meta name=\"robots\" content=\"index, follow, max-snippet:-1, max-image-preview:large, max-video-preview:-1\" \/>\n<link rel=\"canonical\" href=\"https:\/\/designdisaster.unibz.it\/2020\/a-guide-to-careful-language-and-redesigning-communication\/\" \/>\n<meta property=\"og:locale\" content=\"en_US\" \/>\n<meta property=\"og:type\" content=\"article\" \/>\n<meta property=\"og:title\" content=\"M. Romeijn &amp; P. Deppermann: Workshop, 18 Dec | A guide to: Careful Language and redesigning communication - on being inclusive in the way we speak\" \/>\n<meta property=\"og:description\" content=\"We are Marie Romeijn and Pia Deppermann, two art and design students at the free university of Bolzano. The aim of the workshop is to explore \u201clanguage\u201d, in order to shed light on the issue of \u2018care\u2019 in our very basic means of communication. The workshop will begin with a presentation of already existing ways [&hellip;]\" \/>\n<meta property=\"og:url\" content=\"https:\/\/designdisaster.unibz.it\/2020\/a-guide-to-careful-language-and-redesigning-communication\/\" \/>\n<meta property=\"og:site_name\" content=\"By Design or by Disaster Conference 2020\" \/>\n<meta property=\"article:modified_time\" content=\"2020-12-15T17:54:09+00:00\" \/>\n<meta property=\"og:image\" content=\"https:\/\/designdisaster.unibz.it\/2020\/wp-content\/uploads\/2020\/12\/SITE_banneraguideto.png\" \/>\n\t<meta property=\"og:image:width\" content=\"3417\" \/>\n\t<meta property=\"og:image:height\" content=\"1300\" \/>\n\t<meta property=\"og:image:type\" content=\"image\/png\" \/>\n<meta name=\"twitter:card\" content=\"summary_large_image\" \/>\n<meta name=\"twitter:label1\" content=\"Est. reading time\" \/>\n\t<meta name=\"twitter:data1\" content=\"2 minutes\" \/>\n<script type=\"application\/ld+json\" class=\"yoast-schema-graph\">{\"@context\":\"https:\/\/schema.org\",\"@graph\":[{\"@type\":\"WebPage\",\"@id\":\"https:\/\/designdisaster.unibz.it\/2020\/a-guide-to-careful-language-and-redesigning-communication\/\",\"url\":\"https:\/\/designdisaster.unibz.it\/2020\/a-guide-to-careful-language-and-redesigning-communication\/\",\"name\":\"M. Romeijn & P. Deppermann: Workshop, 18 Dec | A guide to: Careful Language and redesigning communication - on being inclusive in the way we speak\",\"isPartOf\":{\"@id\":\"https:\/\/designdisaster.unibz.it\/2020\/#website\"},\"primaryImageOfPage\":{\"@id\":\"https:\/\/designdisaster.unibz.it\/2020\/a-guide-to-careful-language-and-redesigning-communication\/#primaryimage\"},\"image\":{\"@id\":\"https:\/\/designdisaster.unibz.it\/2020\/a-guide-to-careful-language-and-redesigning-communication\/#primaryimage\"},\"thumbnailUrl\":\"https:\/\/designdisaster.unibz.it\/2020\/wp-content\/uploads\/2020\/12\/SITE_banneraguideto.png\",\"datePublished\":\"2020-12-14T08:42:39+00:00\",\"dateModified\":\"2020-12-15T17:54:09+00:00\",\"breadcrumb\":{\"@id\":\"https:\/\/designdisaster.unibz.it\/2020\/a-guide-to-careful-language-and-redesigning-communication\/#breadcrumb\"},\"inLanguage\":\"en-US\",\"potentialAction\":[{\"@type\":\"ReadAction\",\"target\":[\"https:\/\/designdisaster.unibz.it\/2020\/a-guide-to-careful-language-and-redesigning-communication\/\"]}]},{\"@type\":\"ImageObject\",\"inLanguage\":\"en-US\",\"@id\":\"https:\/\/designdisaster.unibz.it\/2020\/a-guide-to-careful-language-and-redesigning-communication\/#primaryimage\",\"url\":\"https:\/\/designdisaster.unibz.it\/2020\/wp-content\/uploads\/2020\/12\/SITE_banneraguideto.png\",\"contentUrl\":\"https:\/\/designdisaster.unibz.it\/2020\/wp-content\/uploads\/2020\/12\/SITE_banneraguideto.png\",\"width\":3417,\"height\":1300},{\"@type\":\"BreadcrumbList\",\"@id\":\"https:\/\/designdisaster.unibz.it\/2020\/a-guide-to-careful-language-and-redesigning-communication\/#breadcrumb\",\"itemListElement\":[{\"@type\":\"ListItem\",\"position\":1,\"name\":\"Home\",\"item\":\"https:\/\/designdisaster.unibz.it\/2020\/\"},{\"@type\":\"ListItem\",\"position\":2,\"name\":\"A guide to: Careful Language and redesigning communication &#8211; on being inclusive in the way we speak\"}]},{\"@type\":\"WebSite\",\"@id\":\"https:\/\/designdisaster.unibz.it\/2020\/#website\",\"url\":\"https:\/\/designdisaster.unibz.it\/2020\/\",\"name\":\"By Design or by Disaster Conference 2020\",\"description\":\"17\u201319 December 2020: Care Beyond Crises\",\"publisher\":{\"@id\":\"https:\/\/designdisaster.unibz.it\/2020\/#organization\"},\"potentialAction\":[{\"@type\":\"SearchAction\",\"target\":{\"@type\":\"EntryPoint\",\"urlTemplate\":\"https:\/\/designdisaster.unibz.it\/2020\/?s={search_term_string}\"},\"query-input\":{\"@type\":\"PropertyValueSpecification\",\"valueRequired\":true,\"valueName\":\"search_term_string\"}}],\"inLanguage\":\"en-US\"},{\"@type\":\"Organization\",\"@id\":\"https:\/\/designdisaster.unibz.it\/2020\/#organization\",\"name\":\"By Design or by Disaster Conference 2020\",\"url\":\"https:\/\/designdisaster.unibz.it\/2020\/\",\"logo\":{\"@type\":\"ImageObject\",\"inLanguage\":\"en-US\",\"@id\":\"https:\/\/designdisaster.unibz.it\/2020\/#\/schema\/logo\/image\/\",\"url\":\"https:\/\/designdisaster.unibz.it\/2020\/wp-content\/uploads\/2020\/02\/cropped-Free_University_of_Bozen-Bolzano_logo_white-2.png\",\"contentUrl\":\"https:\/\/designdisaster.unibz.it\/2020\/wp-content\/uploads\/2020\/02\/cropped-Free_University_of_Bozen-Bolzano_logo_white-2.png\",\"width\":837,\"height\":670,\"caption\":\"By Design or by Disaster Conference 2020\"},\"image\":{\"@id\":\"https:\/\/designdisaster.unibz.it\/2020\/#\/schema\/logo\/image\/\"}}]}<\/script>\n<!-- \/ Yoast SEO plugin. -->","yoast_head_json":{"title":"M. Romeijn & P. Deppermann: Workshop, 18 Dec | A guide to: Careful Language and redesigning communication - on being inclusive in the way we speak","robots":{"index":"index","follow":"follow","max-snippet":"max-snippet:-1","max-image-preview":"max-image-preview:large","max-video-preview":"max-video-preview:-1"},"canonical":"https:\/\/designdisaster.unibz.it\/2020\/a-guide-to-careful-language-and-redesigning-communication\/","og_locale":"en_US","og_type":"article","og_title":"M. Romeijn & P. Deppermann: Workshop, 18 Dec | A guide to: Careful Language and redesigning communication - on being inclusive in the way we speak","og_description":"We are Marie Romeijn and Pia Deppermann, two art and design students at the free university of Bolzano. The aim of the workshop is to explore \u201clanguage\u201d, in order to shed light on the issue of \u2018care\u2019 in our very basic means of communication. The workshop will begin with a presentation of already existing ways [&hellip;]","og_url":"https:\/\/designdisaster.unibz.it\/2020\/a-guide-to-careful-language-and-redesigning-communication\/","og_site_name":"By Design or by Disaster Conference 2020","article_modified_time":"2020-12-15T17:54:09+00:00","og_image":[{"width":3417,"height":1300,"url":"https:\/\/designdisaster.unibz.it\/2020\/wp-content\/uploads\/2020\/12\/SITE_banneraguideto.png","type":"image\/png"}],"twitter_card":"summary_large_image","twitter_misc":{"Est. reading time":"2 minutes"},"schema":{"@context":"https:\/\/schema.org","@graph":[{"@type":"WebPage","@id":"https:\/\/designdisaster.unibz.it\/2020\/a-guide-to-careful-language-and-redesigning-communication\/","url":"https:\/\/designdisaster.unibz.it\/2020\/a-guide-to-careful-language-and-redesigning-communication\/","name":"M. Romeijn & P. Deppermann: Workshop, 18 Dec | A guide to: Careful Language and redesigning communication - on being inclusive in the way we speak","isPartOf":{"@id":"https:\/\/designdisaster.unibz.it\/2020\/#website"},"primaryImageOfPage":{"@id":"https:\/\/designdisaster.unibz.it\/2020\/a-guide-to-careful-language-and-redesigning-communication\/#primaryimage"},"image":{"@id":"https:\/\/designdisaster.unibz.it\/2020\/a-guide-to-careful-language-and-redesigning-communication\/#primaryimage"},"thumbnailUrl":"https:\/\/designdisaster.unibz.it\/2020\/wp-content\/uploads\/2020\/12\/SITE_banneraguideto.png","datePublished":"2020-12-14T08:42:39+00:00","dateModified":"2020-12-15T17:54:09+00:00","breadcrumb":{"@id":"https:\/\/designdisaster.unibz.it\/2020\/a-guide-to-careful-language-and-redesigning-communication\/#breadcrumb"},"inLanguage":"en-US","potentialAction":[{"@type":"ReadAction","target":["https:\/\/designdisaster.unibz.it\/2020\/a-guide-to-careful-language-and-redesigning-communication\/"]}]},{"@type":"ImageObject","inLanguage":"en-US","@id":"https:\/\/designdisaster.unibz.it\/2020\/a-guide-to-careful-language-and-redesigning-communication\/#primaryimage","url":"https:\/\/designdisaster.unibz.it\/2020\/wp-content\/uploads\/2020\/12\/SITE_banneraguideto.png","contentUrl":"https:\/\/designdisaster.unibz.it\/2020\/wp-content\/uploads\/2020\/12\/SITE_banneraguideto.png","width":3417,"height":1300},{"@type":"BreadcrumbList","@id":"https:\/\/designdisaster.unibz.it\/2020\/a-guide-to-careful-language-and-redesigning-communication\/#breadcrumb","itemListElement":[{"@type":"ListItem","position":1,"name":"Home","item":"https:\/\/designdisaster.unibz.it\/2020\/"},{"@type":"ListItem","position":2,"name":"A guide to: Careful Language and redesigning communication &#8211; on being inclusive in the way we speak"}]},{"@type":"WebSite","@id":"https:\/\/designdisaster.unibz.it\/2020\/#website","url":"https:\/\/designdisaster.unibz.it\/2020\/","name":"By Design or by Disaster Conference 2020","description":"17\u201319 December 2020: Care Beyond Crises","publisher":{"@id":"https:\/\/designdisaster.unibz.it\/2020\/#organization"},"potentialAction":[{"@type":"SearchAction","target":{"@type":"EntryPoint","urlTemplate":"https:\/\/designdisaster.unibz.it\/2020\/?s={search_term_string}"},"query-input":{"@type":"PropertyValueSpecification","valueRequired":true,"valueName":"search_term_string"}}],"inLanguage":"en-US"},{"@type":"Organization","@id":"https:\/\/designdisaster.unibz.it\/2020\/#organization","name":"By Design or by Disaster Conference 2020","url":"https:\/\/designdisaster.unibz.it\/2020\/","logo":{"@type":"ImageObject","inLanguage":"en-US","@id":"https:\/\/designdisaster.unibz.it\/2020\/#\/schema\/logo\/image\/","url":"https:\/\/designdisaster.unibz.it\/2020\/wp-content\/uploads\/2020\/02\/cropped-Free_University_of_Bozen-Bolzano_logo_white-2.png","contentUrl":"https:\/\/designdisaster.unibz.it\/2020\/wp-content\/uploads\/2020\/02\/cropped-Free_University_of_Bozen-Bolzano_logo_white-2.png","width":837,"height":670,"caption":"By Design or by Disaster Conference 2020"},"image":{"@id":"https:\/\/designdisaster.unibz.it\/2020\/#\/schema\/logo\/image\/"}}]}},"_links":{"self":[{"href":"https:\/\/designdisaster.unibz.it\/2020\/wp-json\/wp\/v2\/pages\/1826","targetHints":{"allow":["GET"]}}],"collection":[{"href":"https:\/\/designdisaster.unibz.it\/2020\/wp-json\/wp\/v2\/pages"}],"about":[{"href":"https:\/\/designdisaster.unibz.it\/2020\/wp-json\/wp\/v2\/types\/page"}],"author":[{"embeddable":true,"href":"https:\/\/designdisaster.unibz.it\/2020\/wp-json\/wp\/v2\/users\/1004"}],"replies":[{"embeddable":true,"href":"https:\/\/designdisaster.unibz.it\/2020\/wp-json\/wp\/v2\/comments?post=1826"}],"version-history":[{"count":5,"href":"https:\/\/designdisaster.unibz.it\/2020\/wp-json\/wp\/v2\/pages\/1826\/revisions"}],"predecessor-version":[{"id":1962,"href":"https:\/\/designdisaster.unibz.it\/2020\/wp-json\/wp\/v2\/pages\/1826\/revisions\/1962"}],"wp:featuredmedia":[{"embeddable":true,"href":"https:\/\/designdisaster.unibz.it\/2020\/wp-json\/wp\/v2\/media\/1841"}],"wp:attachment":[{"href":"https:\/\/designdisaster.unibz.it\/2020\/wp-json\/wp\/v2\/media?parent=1826"}],"curies":[{"name":"wp","href":"https:\/\/api.w.org\/{rel}","templated":true}]}}