{"id":1767,"date":"2020-12-13T22:31:25","date_gmt":"2020-12-13T22:31:25","guid":{"rendered":"https:\/\/designdisaster.unibz.it\/2020\/?page_id=1767"},"modified":"2020-12-14T10:46:38","modified_gmt":"2020-12-14T10:46:38","slug":"beziehung-pflegen-durch-zuhoren","status":"publish","type":"page","link":"https:\/\/designdisaster.unibz.it\/2020\/beziehung-pflegen-durch-zuhoren\/","title":{"rendered":"Beziehung pflegen durch Zuh\u00f6ren"},"content":{"rendered":"\n<h3 class=\"wp-block-heading\">Eine Einf\u00fchrung in Kommunikationsmuster und in die Haltung der Gewaltfreien Kommunikation nach Marshal Rosenberg.<\/h3>\n\n\n\n<p>Wie kann ich bei kontr\u00e4ren Meinungen dem Gegen\u00fcber wirklich, wirklich, wirklich zuh\u00f6ren und in Verbindung bleiben. Was hei\u00dft Zuh\u00f6ren wirklich und was brauchen Menschen zu 99% in einem Gespr\u00e4ch? In diesem Workshop geht es darum zu erfahren was mit unserem K\u00f6rper passiert, wenn wir uns wirklich verstanden f\u00fchlen.<\/p>\n","protected":false},"excerpt":{"rendered":"<p>Eine Einf\u00fchrung in Kommunikationsmuster und in die Haltung der Gewaltfreien Kommunikation nach Marshal Rosenberg. Wie kann ich bei kontr\u00e4ren Meinungen dem Gegen\u00fcber wirklich, wirklich, wirklich zuh\u00f6ren und in Verbindung bleiben. Was hei\u00dft Zuh\u00f6ren wirklich und was brauchen Menschen zu 99% in einem Gespr\u00e4ch? In diesem Workshop geht es darum zu erfahren was mit unserem K\u00f6rper [&hellip;]<\/p>\n","protected":false},"author":1004,"featured_media":1887,"parent":0,"menu_order":0,"comment_status":"closed","ping_status":"closed","template":"","meta":{"_acf_changed":false,"footnotes":""},"class_list":["post-1767","page","type-page","status-publish","has-post-thumbnail","hentry"],"acf":[],"yoast_head":"<!-- This site is optimized with the Yoast SEO plugin v25.5 - https:\/\/yoast.com\/wordpress\/plugins\/seo\/ -->\n<title>Beziehung pflegen durch Zuh\u00f6ren - By Design or by Disaster Conference 2020<\/title>\n<meta name=\"robots\" content=\"index, follow, max-snippet:-1, max-image-preview:large, max-video-preview:-1\" \/>\n<link rel=\"canonical\" href=\"https:\/\/designdisaster.unibz.it\/2020\/beziehung-pflegen-durch-zuhoren\/\" \/>\n<meta property=\"og:locale\" content=\"en_US\" \/>\n<meta property=\"og:type\" content=\"article\" \/>\n<meta property=\"og:title\" content=\"Beziehung pflegen durch Zuh\u00f6ren - By Design or by Disaster Conference 2020\" \/>\n<meta property=\"og:description\" content=\"Eine Einf\u00fchrung in Kommunikationsmuster und in die Haltung der Gewaltfreien Kommunikation nach Marshal Rosenberg. Wie kann ich bei kontr\u00e4ren Meinungen dem Gegen\u00fcber wirklich, wirklich, wirklich zuh\u00f6ren und in Verbindung bleiben. Was hei\u00dft Zuh\u00f6ren wirklich und was brauchen Menschen zu 99% in einem Gespr\u00e4ch? In diesem Workshop geht es darum zu erfahren was mit unserem K\u00f6rper [&hellip;]\" \/>\n<meta property=\"og:url\" content=\"https:\/\/designdisaster.unibz.it\/2020\/beziehung-pflegen-durch-zuhoren\/\" \/>\n<meta property=\"og:site_name\" content=\"By Design or by Disaster Conference 2020\" \/>\n<meta property=\"article:modified_time\" content=\"2020-12-14T10:46:38+00:00\" \/>\n<meta property=\"og:image\" content=\"https:\/\/designdisaster.unibz.it\/2020\/wp-content\/uploads\/2020\/12\/SITE_bannerAlexanderBisan.png\" \/>\n\t<meta property=\"og:image:width\" content=\"3417\" \/>\n\t<meta property=\"og:image:height\" content=\"1300\" \/>\n\t<meta property=\"og:image:type\" content=\"image\/png\" \/>\n<meta name=\"twitter:card\" content=\"summary_large_image\" \/>\n<script type=\"application\/ld+json\" class=\"yoast-schema-graph\">{\"@context\":\"https:\/\/schema.org\",\"@graph\":[{\"@type\":\"WebPage\",\"@id\":\"https:\/\/designdisaster.unibz.it\/2020\/beziehung-pflegen-durch-zuhoren\/\",\"url\":\"https:\/\/designdisaster.unibz.it\/2020\/beziehung-pflegen-durch-zuhoren\/\",\"name\":\"Beziehung pflegen durch Zuh\u00f6ren - By Design or by Disaster Conference 2020\",\"isPartOf\":{\"@id\":\"https:\/\/designdisaster.unibz.it\/2020\/#website\"},\"primaryImageOfPage\":{\"@id\":\"https:\/\/designdisaster.unibz.it\/2020\/beziehung-pflegen-durch-zuhoren\/#primaryimage\"},\"image\":{\"@id\":\"https:\/\/designdisaster.unibz.it\/2020\/beziehung-pflegen-durch-zuhoren\/#primaryimage\"},\"thumbnailUrl\":\"https:\/\/designdisaster.unibz.it\/2020\/wp-content\/uploads\/2020\/12\/SITE_bannerAlexanderBisan.png\",\"datePublished\":\"2020-12-13T22:31:25+00:00\",\"dateModified\":\"2020-12-14T10:46:38+00:00\",\"breadcrumb\":{\"@id\":\"https:\/\/designdisaster.unibz.it\/2020\/beziehung-pflegen-durch-zuhoren\/#breadcrumb\"},\"inLanguage\":\"en-US\",\"potentialAction\":[{\"@type\":\"ReadAction\",\"target\":[\"https:\/\/designdisaster.unibz.it\/2020\/beziehung-pflegen-durch-zuhoren\/\"]}]},{\"@type\":\"ImageObject\",\"inLanguage\":\"en-US\",\"@id\":\"https:\/\/designdisaster.unibz.it\/2020\/beziehung-pflegen-durch-zuhoren\/#primaryimage\",\"url\":\"https:\/\/designdisaster.unibz.it\/2020\/wp-content\/uploads\/2020\/12\/SITE_bannerAlexanderBisan.png\",\"contentUrl\":\"https:\/\/designdisaster.unibz.it\/2020\/wp-content\/uploads\/2020\/12\/SITE_bannerAlexanderBisan.png\",\"width\":3417,\"height\":1300},{\"@type\":\"BreadcrumbList\",\"@id\":\"https:\/\/designdisaster.unibz.it\/2020\/beziehung-pflegen-durch-zuhoren\/#breadcrumb\",\"itemListElement\":[{\"@type\":\"ListItem\",\"position\":1,\"name\":\"Home\",\"item\":\"https:\/\/designdisaster.unibz.it\/2020\/\"},{\"@type\":\"ListItem\",\"position\":2,\"name\":\"Beziehung pflegen durch Zuh\u00f6ren\"}]},{\"@type\":\"WebSite\",\"@id\":\"https:\/\/designdisaster.unibz.it\/2020\/#website\",\"url\":\"https:\/\/designdisaster.unibz.it\/2020\/\",\"name\":\"By Design or by Disaster Conference 2020\",\"description\":\"17\u201319 December 2020: Care Beyond Crises\",\"publisher\":{\"@id\":\"https:\/\/designdisaster.unibz.it\/2020\/#organization\"},\"potentialAction\":[{\"@type\":\"SearchAction\",\"target\":{\"@type\":\"EntryPoint\",\"urlTemplate\":\"https:\/\/designdisaster.unibz.it\/2020\/?s={search_term_string}\"},\"query-input\":{\"@type\":\"PropertyValueSpecification\",\"valueRequired\":true,\"valueName\":\"search_term_string\"}}],\"inLanguage\":\"en-US\"},{\"@type\":\"Organization\",\"@id\":\"https:\/\/designdisaster.unibz.it\/2020\/#organization\",\"name\":\"By Design or by Disaster Conference 2020\",\"url\":\"https:\/\/designdisaster.unibz.it\/2020\/\",\"logo\":{\"@type\":\"ImageObject\",\"inLanguage\":\"en-US\",\"@id\":\"https:\/\/designdisaster.unibz.it\/2020\/#\/schema\/logo\/image\/\",\"url\":\"https:\/\/designdisaster.unibz.it\/2020\/wp-content\/uploads\/2020\/02\/cropped-Free_University_of_Bozen-Bolzano_logo_white-2.png\",\"contentUrl\":\"https:\/\/designdisaster.unibz.it\/2020\/wp-content\/uploads\/2020\/02\/cropped-Free_University_of_Bozen-Bolzano_logo_white-2.png\",\"width\":837,\"height\":670,\"caption\":\"By Design or by Disaster Conference 2020\"},\"image\":{\"@id\":\"https:\/\/designdisaster.unibz.it\/2020\/#\/schema\/logo\/image\/\"}}]}<\/script>\n<!-- \/ Yoast SEO plugin. -->","yoast_head_json":{"title":"Beziehung pflegen durch Zuh\u00f6ren - By Design or by Disaster Conference 2020","robots":{"index":"index","follow":"follow","max-snippet":"max-snippet:-1","max-image-preview":"max-image-preview:large","max-video-preview":"max-video-preview:-1"},"canonical":"https:\/\/designdisaster.unibz.it\/2020\/beziehung-pflegen-durch-zuhoren\/","og_locale":"en_US","og_type":"article","og_title":"Beziehung pflegen durch Zuh\u00f6ren - By Design or by Disaster Conference 2020","og_description":"Eine Einf\u00fchrung in Kommunikationsmuster und in die Haltung der Gewaltfreien Kommunikation nach Marshal Rosenberg. Wie kann ich bei kontr\u00e4ren Meinungen dem Gegen\u00fcber wirklich, wirklich, wirklich zuh\u00f6ren und in Verbindung bleiben. Was hei\u00dft Zuh\u00f6ren wirklich und was brauchen Menschen zu 99% in einem Gespr\u00e4ch? In diesem Workshop geht es darum zu erfahren was mit unserem K\u00f6rper [&hellip;]","og_url":"https:\/\/designdisaster.unibz.it\/2020\/beziehung-pflegen-durch-zuhoren\/","og_site_name":"By Design or by Disaster Conference 2020","article_modified_time":"2020-12-14T10:46:38+00:00","og_image":[{"width":3417,"height":1300,"url":"https:\/\/designdisaster.unibz.it\/2020\/wp-content\/uploads\/2020\/12\/SITE_bannerAlexanderBisan.png","type":"image\/png"}],"twitter_card":"summary_large_image","schema":{"@context":"https:\/\/schema.org","@graph":[{"@type":"WebPage","@id":"https:\/\/designdisaster.unibz.it\/2020\/beziehung-pflegen-durch-zuhoren\/","url":"https:\/\/designdisaster.unibz.it\/2020\/beziehung-pflegen-durch-zuhoren\/","name":"Beziehung pflegen durch Zuh\u00f6ren - By Design or by Disaster Conference 2020","isPartOf":{"@id":"https:\/\/designdisaster.unibz.it\/2020\/#website"},"primaryImageOfPage":{"@id":"https:\/\/designdisaster.unibz.it\/2020\/beziehung-pflegen-durch-zuhoren\/#primaryimage"},"image":{"@id":"https:\/\/designdisaster.unibz.it\/2020\/beziehung-pflegen-durch-zuhoren\/#primaryimage"},"thumbnailUrl":"https:\/\/designdisaster.unibz.it\/2020\/wp-content\/uploads\/2020\/12\/SITE_bannerAlexanderBisan.png","datePublished":"2020-12-13T22:31:25+00:00","dateModified":"2020-12-14T10:46:38+00:00","breadcrumb":{"@id":"https:\/\/designdisaster.unibz.it\/2020\/beziehung-pflegen-durch-zuhoren\/#breadcrumb"},"inLanguage":"en-US","potentialAction":[{"@type":"ReadAction","target":["https:\/\/designdisaster.unibz.it\/2020\/beziehung-pflegen-durch-zuhoren\/"]}]},{"@type":"ImageObject","inLanguage":"en-US","@id":"https:\/\/designdisaster.unibz.it\/2020\/beziehung-pflegen-durch-zuhoren\/#primaryimage","url":"https:\/\/designdisaster.unibz.it\/2020\/wp-content\/uploads\/2020\/12\/SITE_bannerAlexanderBisan.png","contentUrl":"https:\/\/designdisaster.unibz.it\/2020\/wp-content\/uploads\/2020\/12\/SITE_bannerAlexanderBisan.png","width":3417,"height":1300},{"@type":"BreadcrumbList","@id":"https:\/\/designdisaster.unibz.it\/2020\/beziehung-pflegen-durch-zuhoren\/#breadcrumb","itemListElement":[{"@type":"ListItem","position":1,"name":"Home","item":"https:\/\/designdisaster.unibz.it\/2020\/"},{"@type":"ListItem","position":2,"name":"Beziehung pflegen durch Zuh\u00f6ren"}]},{"@type":"WebSite","@id":"https:\/\/designdisaster.unibz.it\/2020\/#website","url":"https:\/\/designdisaster.unibz.it\/2020\/","name":"By Design or by Disaster Conference 2020","description":"17\u201319 December 2020: Care Beyond Crises","publisher":{"@id":"https:\/\/designdisaster.unibz.it\/2020\/#organization"},"potentialAction":[{"@type":"SearchAction","target":{"@type":"EntryPoint","urlTemplate":"https:\/\/designdisaster.unibz.it\/2020\/?s={search_term_string}"},"query-input":{"@type":"PropertyValueSpecification","valueRequired":true,"valueName":"search_term_string"}}],"inLanguage":"en-US"},{"@type":"Organization","@id":"https:\/\/designdisaster.unibz.it\/2020\/#organization","name":"By Design or by Disaster Conference 2020","url":"https:\/\/designdisaster.unibz.it\/2020\/","logo":{"@type":"ImageObject","inLanguage":"en-US","@id":"https:\/\/designdisaster.unibz.it\/2020\/#\/schema\/logo\/image\/","url":"https:\/\/designdisaster.unibz.it\/2020\/wp-content\/uploads\/2020\/02\/cropped-Free_University_of_Bozen-Bolzano_logo_white-2.png","contentUrl":"https:\/\/designdisaster.unibz.it\/2020\/wp-content\/uploads\/2020\/02\/cropped-Free_University_of_Bozen-Bolzano_logo_white-2.png","width":837,"height":670,"caption":"By Design or by Disaster Conference 2020"},"image":{"@id":"https:\/\/designdisaster.unibz.it\/2020\/#\/schema\/logo\/image\/"}}]}},"_links":{"self":[{"href":"https:\/\/designdisaster.unibz.it\/2020\/wp-json\/wp\/v2\/pages\/1767","targetHints":{"allow":["GET"]}}],"collection":[{"href":"https:\/\/designdisaster.unibz.it\/2020\/wp-json\/wp\/v2\/pages"}],"about":[{"href":"https:\/\/designdisaster.unibz.it\/2020\/wp-json\/wp\/v2\/types\/page"}],"author":[{"embeddable":true,"href":"https:\/\/designdisaster.unibz.it\/2020\/wp-json\/wp\/v2\/users\/1004"}],"replies":[{"embeddable":true,"href":"https:\/\/designdisaster.unibz.it\/2020\/wp-json\/wp\/v2\/comments?post=1767"}],"version-history":[{"count":2,"href":"https:\/\/designdisaster.unibz.it\/2020\/wp-json\/wp\/v2\/pages\/1767\/revisions"}],"predecessor-version":[{"id":1888,"href":"https:\/\/designdisaster.unibz.it\/2020\/wp-json\/wp\/v2\/pages\/1767\/revisions\/1888"}],"wp:featuredmedia":[{"embeddable":true,"href":"https:\/\/designdisaster.unibz.it\/2020\/wp-json\/wp\/v2\/media\/1887"}],"wp:attachment":[{"href":"https:\/\/designdisaster.unibz.it\/2020\/wp-json\/wp\/v2\/media?parent=1767"}],"curies":[{"name":"wp","href":"https:\/\/api.w.org\/{rel}","templated":true}]}}