{"id":1722,"date":"2020-12-13T18:18:30","date_gmt":"2020-12-13T18:18:30","guid":{"rendered":"https:\/\/designdisaster.unibz.it\/2020\/?page_id=1722"},"modified":"2020-12-15T17:52:14","modified_gmt":"2020-12-15T17:52:14","slug":"social-design-in-the-pandemic","status":"publish","type":"page","link":"https:\/\/designdisaster.unibz.it\/2020\/social-design-in-the-pandemic\/","title":{"rendered":"<strong>Social Design in the pandemic<\/strong>"},"content":{"rendered":"\n<h3 class=\"wp-block-heading\"><em>Transforming open spaces for young refugees<\/em><\/h3>\n\n\n\n<p>Covid-19 brought huge challenges, especially to vulnerable groups. Education was difficult to access and young refugees were even more segregated from the social space. In this crisis the project &#8220;Sommerzelt&#8221; was developed in collaboration with different stakeholders. The spatial intervention created a frame for activities led by many actors. Between August and October 2020 three parking lots were transformed into a space for young refugees. The design of the Habibi Dome made various usages possible and evolved into a place where learning, exchange and encounter became possible in the pandemic. The short presentation will illustrate shortly the process, design and experiences from this project.&nbsp;<\/p>\n\n\n\n<h4 class=\"wp-block-heading\"><strong>Co-creative processes and agile working methods become even more important during Covid-19.&nbsp;<\/strong><\/h4>\n\n\n\n<h4 class=\"wp-block-heading\"><strong>How much temporality is essential and how much continuity do designs by disaster need?&nbsp;<\/strong><\/h4>\n\n\n\n<h2 class=\"wp-block-heading\"><em>&nbsp;Bio <\/em><\/h2>\n\n\n\n<p><strong>Marlene Franck holds a master\u2019s degree in architecture and urban planning from the University in Stuttgart (2020) and a bachelor\u2019s degree in architecture from the HTWG Konstanz (2017). In Addition, she spent one semester abroad at the Universidad Mayor in Santiago the Chile and completed an internship at KCAP Architects and Planners in Rotterdam. During her studies she has developed a special interest in the interplay of the design of processes and spaces. Since 2018 she is working for the initiative Home Not Shelter! by the Hans Sauer Stiftung. The project is part of the social design lab and aims to understand and improve the conditions of refugees living in standardized accommodations in Stuttgart M\u00fcnster through participatory design processes.<\/strong><\/p>\n\n\n\n<h5 class=\"wp-block-heading\"><em>&nbsp;recommended readings or other media <\/em><\/h5>\n\n\n\n<ul class=\"wp-block-list\"><li><strong>Frank Gesemann \/ Roland Roth(Hrsg.): Handbuch Lokale Integrationspolitik, Wiesbaden: Springer 2018<\/strong><\/li><\/ul>\n\n\n\n<ul class=\"wp-block-list\"><li><strong>Christine Hannemann \/ Karin Hauser (Hg.): Zusammenhalt braucht R\u00e4ume. Wohnen integriert, Berlin: jovis 2020<\/strong><\/li><\/ul>\n\n\n\n<ul class=\"wp-block-list\"><li><strong>Larissa Kurt: Empowerment Tool. Eine Untersuchung von Methoden und Wirkmechanismen partizipativer Gestaltungsprozesse zur F\u00f6rderung der Selbstwirksamkeit, Bachelorarbeit Weimar 2018 (<\/strong><a href=\"https:\/\/socialdesign.de\/portfolio\/empowerment-tool\/\"><strong>https:\/\/socialdesign.de\/portfolio\/empowerment-tool\/<\/strong><\/a><strong>)&nbsp;<\/strong><\/li><\/ul>\n\n\n\n<ul class=\"wp-block-list\"><li><strong>Hi\u015far Sch\u00f6nfeld: Urban Transformation Design. Grundrisse einer zukunftsgewandten Raumpraxis, Basel: Birkh\u00e4user 2020<\/strong><\/li><\/ul>\n","protected":false},"excerpt":{"rendered":"<p>Transforming open spaces for young refugees Covid-19 brought huge challenges, especially to vulnerable groups. Education was difficult to access and young refugees were even more segregated from the social space. In this crisis the project &#8220;Sommerzelt&#8221; was developed in collaboration with different stakeholders. The spatial intervention created a frame for activities led by many actors. [&hellip;]<\/p>\n","protected":false},"author":1004,"featured_media":1724,"parent":0,"menu_order":0,"comment_status":"closed","ping_status":"closed","template":"","meta":{"_acf_changed":false,"footnotes":""},"class_list":["post-1722","page","type-page","status-publish","has-post-thumbnail","hentry"],"acf":[],"yoast_head":"<!-- This site is optimized with the Yoast SEO plugin v25.5 - https:\/\/yoast.com\/wordpress\/plugins\/seo\/ -->\n<title>Marlene Franck: 7x7 talk, 19 Dec | Social Design in the pandemic<\/title>\n<meta name=\"robots\" content=\"index, follow, max-snippet:-1, max-image-preview:large, max-video-preview:-1\" \/>\n<link rel=\"canonical\" href=\"https:\/\/designdisaster.unibz.it\/2020\/social-design-in-the-pandemic\/\" \/>\n<meta property=\"og:locale\" content=\"en_US\" \/>\n<meta property=\"og:type\" content=\"article\" \/>\n<meta property=\"og:title\" content=\"Marlene Franck: 7x7 talk, 19 Dec | Social Design in the pandemic\" \/>\n<meta property=\"og:description\" content=\"Transforming open spaces for young refugees Covid-19 brought huge challenges, especially to vulnerable groups. Education was difficult to access and young refugees were even more segregated from the social space. In this crisis the project &#8220;Sommerzelt&#8221; was developed in collaboration with different stakeholders. The spatial intervention created a frame for activities led by many actors. [&hellip;]\" \/>\n<meta property=\"og:url\" content=\"https:\/\/designdisaster.unibz.it\/2020\/social-design-in-the-pandemic\/\" \/>\n<meta property=\"og:site_name\" content=\"By Design or by Disaster Conference 2020\" \/>\n<meta property=\"article:modified_time\" content=\"2020-12-15T17:52:14+00:00\" \/>\n<meta property=\"og:image\" content=\"https:\/\/designdisaster.unibz.it\/2020\/wp-content\/uploads\/2020\/12\/SITE_bannersocialde.png\" \/>\n\t<meta property=\"og:image:width\" content=\"3417\" \/>\n\t<meta property=\"og:image:height\" content=\"1300\" \/>\n\t<meta property=\"og:image:type\" content=\"image\/png\" \/>\n<meta name=\"twitter:card\" content=\"summary_large_image\" \/>\n<meta name=\"twitter:label1\" content=\"Est. reading time\" \/>\n\t<meta name=\"twitter:data1\" content=\"2 minutes\" \/>\n<script type=\"application\/ld+json\" class=\"yoast-schema-graph\">{\"@context\":\"https:\/\/schema.org\",\"@graph\":[{\"@type\":\"WebPage\",\"@id\":\"https:\/\/designdisaster.unibz.it\/2020\/social-design-in-the-pandemic\/\",\"url\":\"https:\/\/designdisaster.unibz.it\/2020\/social-design-in-the-pandemic\/\",\"name\":\"Marlene Franck: 7x7 talk, 19 Dec | Social Design in the pandemic\",\"isPartOf\":{\"@id\":\"https:\/\/designdisaster.unibz.it\/2020\/#website\"},\"primaryImageOfPage\":{\"@id\":\"https:\/\/designdisaster.unibz.it\/2020\/social-design-in-the-pandemic\/#primaryimage\"},\"image\":{\"@id\":\"https:\/\/designdisaster.unibz.it\/2020\/social-design-in-the-pandemic\/#primaryimage\"},\"thumbnailUrl\":\"https:\/\/designdisaster.unibz.it\/2020\/wp-content\/uploads\/2020\/12\/SITE_bannersocialde.png\",\"datePublished\":\"2020-12-13T18:18:30+00:00\",\"dateModified\":\"2020-12-15T17:52:14+00:00\",\"breadcrumb\":{\"@id\":\"https:\/\/designdisaster.unibz.it\/2020\/social-design-in-the-pandemic\/#breadcrumb\"},\"inLanguage\":\"en-US\",\"potentialAction\":[{\"@type\":\"ReadAction\",\"target\":[\"https:\/\/designdisaster.unibz.it\/2020\/social-design-in-the-pandemic\/\"]}]},{\"@type\":\"ImageObject\",\"inLanguage\":\"en-US\",\"@id\":\"https:\/\/designdisaster.unibz.it\/2020\/social-design-in-the-pandemic\/#primaryimage\",\"url\":\"https:\/\/designdisaster.unibz.it\/2020\/wp-content\/uploads\/2020\/12\/SITE_bannersocialde.png\",\"contentUrl\":\"https:\/\/designdisaster.unibz.it\/2020\/wp-content\/uploads\/2020\/12\/SITE_bannersocialde.png\",\"width\":3417,\"height\":1300},{\"@type\":\"BreadcrumbList\",\"@id\":\"https:\/\/designdisaster.unibz.it\/2020\/social-design-in-the-pandemic\/#breadcrumb\",\"itemListElement\":[{\"@type\":\"ListItem\",\"position\":1,\"name\":\"Home\",\"item\":\"https:\/\/designdisaster.unibz.it\/2020\/\"},{\"@type\":\"ListItem\",\"position\":2,\"name\":\"Social Design in the pandemic\"}]},{\"@type\":\"WebSite\",\"@id\":\"https:\/\/designdisaster.unibz.it\/2020\/#website\",\"url\":\"https:\/\/designdisaster.unibz.it\/2020\/\",\"name\":\"By Design or by Disaster Conference 2020\",\"description\":\"17\u201319 December 2020: Care Beyond Crises\",\"publisher\":{\"@id\":\"https:\/\/designdisaster.unibz.it\/2020\/#organization\"},\"potentialAction\":[{\"@type\":\"SearchAction\",\"target\":{\"@type\":\"EntryPoint\",\"urlTemplate\":\"https:\/\/designdisaster.unibz.it\/2020\/?s={search_term_string}\"},\"query-input\":{\"@type\":\"PropertyValueSpecification\",\"valueRequired\":true,\"valueName\":\"search_term_string\"}}],\"inLanguage\":\"en-US\"},{\"@type\":\"Organization\",\"@id\":\"https:\/\/designdisaster.unibz.it\/2020\/#organization\",\"name\":\"By Design or by Disaster Conference 2020\",\"url\":\"https:\/\/designdisaster.unibz.it\/2020\/\",\"logo\":{\"@type\":\"ImageObject\",\"inLanguage\":\"en-US\",\"@id\":\"https:\/\/designdisaster.unibz.it\/2020\/#\/schema\/logo\/image\/\",\"url\":\"https:\/\/designdisaster.unibz.it\/2020\/wp-content\/uploads\/2020\/02\/cropped-Free_University_of_Bozen-Bolzano_logo_white-2.png\",\"contentUrl\":\"https:\/\/designdisaster.unibz.it\/2020\/wp-content\/uploads\/2020\/02\/cropped-Free_University_of_Bozen-Bolzano_logo_white-2.png\",\"width\":837,\"height\":670,\"caption\":\"By Design or by Disaster Conference 2020\"},\"image\":{\"@id\":\"https:\/\/designdisaster.unibz.it\/2020\/#\/schema\/logo\/image\/\"}}]}<\/script>\n<!-- \/ Yoast SEO plugin. -->","yoast_head_json":{"title":"Marlene Franck: 7x7 talk, 19 Dec | Social Design in the pandemic","robots":{"index":"index","follow":"follow","max-snippet":"max-snippet:-1","max-image-preview":"max-image-preview:large","max-video-preview":"max-video-preview:-1"},"canonical":"https:\/\/designdisaster.unibz.it\/2020\/social-design-in-the-pandemic\/","og_locale":"en_US","og_type":"article","og_title":"Marlene Franck: 7x7 talk, 19 Dec | Social Design in the pandemic","og_description":"Transforming open spaces for young refugees Covid-19 brought huge challenges, especially to vulnerable groups. Education was difficult to access and young refugees were even more segregated from the social space. In this crisis the project &#8220;Sommerzelt&#8221; was developed in collaboration with different stakeholders. The spatial intervention created a frame for activities led by many actors. [&hellip;]","og_url":"https:\/\/designdisaster.unibz.it\/2020\/social-design-in-the-pandemic\/","og_site_name":"By Design or by Disaster Conference 2020","article_modified_time":"2020-12-15T17:52:14+00:00","og_image":[{"width":3417,"height":1300,"url":"https:\/\/designdisaster.unibz.it\/2020\/wp-content\/uploads\/2020\/12\/SITE_bannersocialde.png","type":"image\/png"}],"twitter_card":"summary_large_image","twitter_misc":{"Est. reading time":"2 minutes"},"schema":{"@context":"https:\/\/schema.org","@graph":[{"@type":"WebPage","@id":"https:\/\/designdisaster.unibz.it\/2020\/social-design-in-the-pandemic\/","url":"https:\/\/designdisaster.unibz.it\/2020\/social-design-in-the-pandemic\/","name":"Marlene Franck: 7x7 talk, 19 Dec | Social Design in the pandemic","isPartOf":{"@id":"https:\/\/designdisaster.unibz.it\/2020\/#website"},"primaryImageOfPage":{"@id":"https:\/\/designdisaster.unibz.it\/2020\/social-design-in-the-pandemic\/#primaryimage"},"image":{"@id":"https:\/\/designdisaster.unibz.it\/2020\/social-design-in-the-pandemic\/#primaryimage"},"thumbnailUrl":"https:\/\/designdisaster.unibz.it\/2020\/wp-content\/uploads\/2020\/12\/SITE_bannersocialde.png","datePublished":"2020-12-13T18:18:30+00:00","dateModified":"2020-12-15T17:52:14+00:00","breadcrumb":{"@id":"https:\/\/designdisaster.unibz.it\/2020\/social-design-in-the-pandemic\/#breadcrumb"},"inLanguage":"en-US","potentialAction":[{"@type":"ReadAction","target":["https:\/\/designdisaster.unibz.it\/2020\/social-design-in-the-pandemic\/"]}]},{"@type":"ImageObject","inLanguage":"en-US","@id":"https:\/\/designdisaster.unibz.it\/2020\/social-design-in-the-pandemic\/#primaryimage","url":"https:\/\/designdisaster.unibz.it\/2020\/wp-content\/uploads\/2020\/12\/SITE_bannersocialde.png","contentUrl":"https:\/\/designdisaster.unibz.it\/2020\/wp-content\/uploads\/2020\/12\/SITE_bannersocialde.png","width":3417,"height":1300},{"@type":"BreadcrumbList","@id":"https:\/\/designdisaster.unibz.it\/2020\/social-design-in-the-pandemic\/#breadcrumb","itemListElement":[{"@type":"ListItem","position":1,"name":"Home","item":"https:\/\/designdisaster.unibz.it\/2020\/"},{"@type":"ListItem","position":2,"name":"Social Design in the pandemic"}]},{"@type":"WebSite","@id":"https:\/\/designdisaster.unibz.it\/2020\/#website","url":"https:\/\/designdisaster.unibz.it\/2020\/","name":"By Design or by Disaster Conference 2020","description":"17\u201319 December 2020: Care Beyond Crises","publisher":{"@id":"https:\/\/designdisaster.unibz.it\/2020\/#organization"},"potentialAction":[{"@type":"SearchAction","target":{"@type":"EntryPoint","urlTemplate":"https:\/\/designdisaster.unibz.it\/2020\/?s={search_term_string}"},"query-input":{"@type":"PropertyValueSpecification","valueRequired":true,"valueName":"search_term_string"}}],"inLanguage":"en-US"},{"@type":"Organization","@id":"https:\/\/designdisaster.unibz.it\/2020\/#organization","name":"By Design or by Disaster Conference 2020","url":"https:\/\/designdisaster.unibz.it\/2020\/","logo":{"@type":"ImageObject","inLanguage":"en-US","@id":"https:\/\/designdisaster.unibz.it\/2020\/#\/schema\/logo\/image\/","url":"https:\/\/designdisaster.unibz.it\/2020\/wp-content\/uploads\/2020\/02\/cropped-Free_University_of_Bozen-Bolzano_logo_white-2.png","contentUrl":"https:\/\/designdisaster.unibz.it\/2020\/wp-content\/uploads\/2020\/02\/cropped-Free_University_of_Bozen-Bolzano_logo_white-2.png","width":837,"height":670,"caption":"By Design or by Disaster Conference 2020"},"image":{"@id":"https:\/\/designdisaster.unibz.it\/2020\/#\/schema\/logo\/image\/"}}]}},"_links":{"self":[{"href":"https:\/\/designdisaster.unibz.it\/2020\/wp-json\/wp\/v2\/pages\/1722","targetHints":{"allow":["GET"]}}],"collection":[{"href":"https:\/\/designdisaster.unibz.it\/2020\/wp-json\/wp\/v2\/pages"}],"about":[{"href":"https:\/\/designdisaster.unibz.it\/2020\/wp-json\/wp\/v2\/types\/page"}],"author":[{"embeddable":true,"href":"https:\/\/designdisaster.unibz.it\/2020\/wp-json\/wp\/v2\/users\/1004"}],"replies":[{"embeddable":true,"href":"https:\/\/designdisaster.unibz.it\/2020\/wp-json\/wp\/v2\/comments?post=1722"}],"version-history":[{"count":4,"href":"https:\/\/designdisaster.unibz.it\/2020\/wp-json\/wp\/v2\/pages\/1722\/revisions"}],"predecessor-version":[{"id":1959,"href":"https:\/\/designdisaster.unibz.it\/2020\/wp-json\/wp\/v2\/pages\/1722\/revisions\/1959"}],"wp:featuredmedia":[{"embeddable":true,"href":"https:\/\/designdisaster.unibz.it\/2020\/wp-json\/wp\/v2\/media\/1724"}],"wp:attachment":[{"href":"https:\/\/designdisaster.unibz.it\/2020\/wp-json\/wp\/v2\/media?parent=1722"}],"curies":[{"name":"wp","href":"https:\/\/api.w.org\/{rel}","templated":true}]}}