{"id":648,"date":"2019-03-27T16:49:17","date_gmt":"2019-03-27T16:49:17","guid":{"rendered":"http:\/\/designdisaster.unibz.it\/2019\/?page_id=648"},"modified":"2019-04-03T15:33:41","modified_gmt":"2019-04-03T15:33:41","slug":"van-bo-le-mentzel-de","status":"publish","type":"page","link":"https:\/\/designdisaster.unibz.it\/2019\/van-bo-le-mentzel-de\/","title":{"rendered":"Van Bo Le-Mentzel (DE)"},"content":{"rendered":"<h2><span style=\"font-weight: 400;\"><strong>Van Bo Le-Mentzel <\/strong><\/span><\/h2>\n<p><span style=\"font-weight: 400;\"><a href=\"http:\/\/designdisaster.unibz.it\/2019\/schedule\/\">Thursday 11 April\/ 10:30-11:15<\/a><\/span><\/p>\n<h3><span style=\"font-weight: 400;\"><strong>Short Biography<\/strong><\/span><\/h3>\n<p><span style=\"font-weight: 400;\">Van Bo Le-Mentzel (Geboren 1977) ist Architekt, Autor (&#8220;Der Kleine Professor&#8221;, 2016, Ecowin) und Filmemacher aus Berlin. Er ist unter anderem Initiator mehrerer Initiativen zwischen Design und sozialer Teilhabe. Bekannte Projekte sind Hartz IV M\u00f6bel (2010), One Sqm House (2013), Karma Chakhs (2013), Tinyhouse University (2015) und das Co-Being House. Seine M\u00f6bel und Tiny Houses wurden international ausgestellt und haben Eingang gefunden in die Sammlung verschiedener Museen (Vitra u.a.). Mit dem Vorschlag einer modular gefertigten \u201e100 Euro Wohnung\u201c sorgte Le-Mentzel 2017 in der Immobilienbranche f\u00fcr Aufsehen. 2016 erschien sein erster Kinofilm &#8220;3min of Fame, Love and Peace&#8221;, ein interreligi\u00f6ses Projekt mit J\u00fcdinnen und Musliminnen. F\u00fcr seine Initiativen wurde Le-Mentzel mehrfach ausgezeichnet, u.a. mit dem ZEIT WISSEN-Preis Mut zur Nachhaltigkeit und dem Bayreuther Vorbildpreis. Sein aktuelles Projekt ist die \u201eWohnmaschine\u201c, die kleinste 2-Raum Wohnung Deutschlands. Er mischt sich auch in st\u00e4dtebauliche Debatten ein. Mit seiner Vision der \u201eCircular City\u201c will er soziale Nachbarschaft, Parks und Industrie in einen Kreislauf setzen. Aktuell ist er in Firmengr\u00fcndung mit der TinyFoundation.<\/span><\/p>\n","protected":false},"excerpt":{"rendered":"<p>Van Bo Le-Mentzel Thursday 11 April\/ 10:30-11:15 Short Biography Van Bo Le-Mentzel (Geboren 1977) ist Architekt, Autor (&#8220;Der Kleine Professor&#8221;, 2016, Ecowin) und Filmemacher aus Berlin. Er ist unter anderem Initiator mehrerer Initiativen zwischen Design und sozialer Teilhabe. Bekannte Projekte sind Hartz IV M\u00f6bel (2010), One Sqm House (2013), Karma Chakhs (2013), Tinyhouse University (2015) [&hellip;]<\/p>\n","protected":false},"author":1002,"featured_media":655,"parent":0,"menu_order":0,"comment_status":"closed","ping_status":"closed","template":"","meta":{"_acf_changed":false,"footnotes":""},"class_list":["post-648","page","type-page","status-publish","has-post-thumbnail","hentry"],"acf":[],"yoast_head":"<!-- This site is optimized with the Yoast SEO plugin v25.5 - https:\/\/yoast.com\/wordpress\/plugins\/seo\/ -->\n<title>Van Bo Le-Mentzel (DE) - By Design or by Disaster 2019<\/title>\n<meta name=\"robots\" content=\"index, follow, max-snippet:-1, max-image-preview:large, max-video-preview:-1\" \/>\n<link rel=\"canonical\" href=\"https:\/\/designdisaster.unibz.it\/2019\/van-bo-le-mentzel-de\/\" \/>\n<meta property=\"og:locale\" content=\"en_US\" \/>\n<meta property=\"og:type\" content=\"article\" \/>\n<meta property=\"og:title\" content=\"Van Bo Le-Mentzel (DE) - By Design or by Disaster 2019\" \/>\n<meta property=\"og:description\" content=\"Van Bo Le-Mentzel Thursday 11 April\/ 10:30-11:15 Short Biography Van Bo Le-Mentzel (Geboren 1977) ist Architekt, Autor (&#8220;Der Kleine Professor&#8221;, 2016, Ecowin) und Filmemacher aus Berlin. Er ist unter anderem Initiator mehrerer Initiativen zwischen Design und sozialer Teilhabe. Bekannte Projekte sind Hartz IV M\u00f6bel (2010), One Sqm House (2013), Karma Chakhs (2013), Tinyhouse University (2015) [&hellip;]\" \/>\n<meta property=\"og:url\" content=\"https:\/\/designdisaster.unibz.it\/2019\/van-bo-le-mentzel-de\/\" \/>\n<meta property=\"og:site_name\" content=\"By Design or by Disaster 2019\" \/>\n<meta property=\"article:modified_time\" content=\"2019-04-03T15:33:41+00:00\" \/>\n<meta property=\"og:image\" content=\"https:\/\/designdisaster.unibz.it\/2019\/wp-content\/uploads\/2019\/03\/Van-Bo-Le-Mentzel-9054-2-copyright-by-Jan-Pries.jpg\" \/>\n\t<meta property=\"og:image:width\" content=\"5928\" \/>\n\t<meta property=\"og:image:height\" content=\"3957\" \/>\n\t<meta property=\"og:image:type\" content=\"image\/jpeg\" \/>\n<meta name=\"twitter:card\" content=\"summary_large_image\" \/>\n<meta name=\"twitter:label1\" content=\"Est. reading time\" \/>\n\t<meta name=\"twitter:data1\" content=\"1 minute\" \/>\n<script type=\"application\/ld+json\" class=\"yoast-schema-graph\">{\"@context\":\"https:\/\/schema.org\",\"@graph\":[{\"@type\":\"WebPage\",\"@id\":\"https:\/\/designdisaster.unibz.it\/2019\/van-bo-le-mentzel-de\/\",\"url\":\"https:\/\/designdisaster.unibz.it\/2019\/van-bo-le-mentzel-de\/\",\"name\":\"Van Bo Le-Mentzel (DE) - By Design or by Disaster 2019\",\"isPartOf\":{\"@id\":\"https:\/\/designdisaster.unibz.it\/2019\/#website\"},\"primaryImageOfPage\":{\"@id\":\"https:\/\/designdisaster.unibz.it\/2019\/van-bo-le-mentzel-de\/#primaryimage\"},\"image\":{\"@id\":\"https:\/\/designdisaster.unibz.it\/2019\/van-bo-le-mentzel-de\/#primaryimage\"},\"thumbnailUrl\":\"https:\/\/designdisaster.unibz.it\/2019\/wp-content\/uploads\/2019\/03\/Van-Bo-Le-Mentzel-9054-2-copyright-by-Jan-Pries.jpg\",\"datePublished\":\"2019-03-27T16:49:17+00:00\",\"dateModified\":\"2019-04-03T15:33:41+00:00\",\"breadcrumb\":{\"@id\":\"https:\/\/designdisaster.unibz.it\/2019\/van-bo-le-mentzel-de\/#breadcrumb\"},\"inLanguage\":\"en-US\",\"potentialAction\":[{\"@type\":\"ReadAction\",\"target\":[\"https:\/\/designdisaster.unibz.it\/2019\/van-bo-le-mentzel-de\/\"]}]},{\"@type\":\"ImageObject\",\"inLanguage\":\"en-US\",\"@id\":\"https:\/\/designdisaster.unibz.it\/2019\/van-bo-le-mentzel-de\/#primaryimage\",\"url\":\"https:\/\/designdisaster.unibz.it\/2019\/wp-content\/uploads\/2019\/03\/Van-Bo-Le-Mentzel-9054-2-copyright-by-Jan-Pries.jpg\",\"contentUrl\":\"https:\/\/designdisaster.unibz.it\/2019\/wp-content\/uploads\/2019\/03\/Van-Bo-Le-Mentzel-9054-2-copyright-by-Jan-Pries.jpg\",\"width\":5928,\"height\":3957},{\"@type\":\"BreadcrumbList\",\"@id\":\"https:\/\/designdisaster.unibz.it\/2019\/van-bo-le-mentzel-de\/#breadcrumb\",\"itemListElement\":[{\"@type\":\"ListItem\",\"position\":1,\"name\":\"Home\",\"item\":\"https:\/\/designdisaster.unibz.it\/2019\/\"},{\"@type\":\"ListItem\",\"position\":2,\"name\":\"Van Bo Le-Mentzel (DE)\"}]},{\"@type\":\"WebSite\",\"@id\":\"https:\/\/designdisaster.unibz.it\/2019\/#website\",\"url\":\"https:\/\/designdisaster.unibz.it\/2019\/\",\"name\":\"By Design or by Disaster 2019\",\"description\":\"Conference\",\"publisher\":{\"@id\":\"https:\/\/designdisaster.unibz.it\/2019\/#organization\"},\"potentialAction\":[{\"@type\":\"SearchAction\",\"target\":{\"@type\":\"EntryPoint\",\"urlTemplate\":\"https:\/\/designdisaster.unibz.it\/2019\/?s={search_term_string}\"},\"query-input\":{\"@type\":\"PropertyValueSpecification\",\"valueRequired\":true,\"valueName\":\"search_term_string\"}}],\"inLanguage\":\"en-US\"},{\"@type\":\"Organization\",\"@id\":\"https:\/\/designdisaster.unibz.it\/2019\/#organization\",\"name\":\"By Design or by Disaster 2019\",\"url\":\"https:\/\/designdisaster.unibz.it\/2019\/\",\"logo\":{\"@type\":\"ImageObject\",\"inLanguage\":\"en-US\",\"@id\":\"https:\/\/designdisaster.unibz.it\/2019\/#\/schema\/logo\/image\/\",\"url\":\"https:\/\/designdisaster.unibz.it\/2019\/wp-content\/uploads\/2018\/01\/logo.png\",\"contentUrl\":\"https:\/\/designdisaster.unibz.it\/2019\/wp-content\/uploads\/2018\/01\/logo.png\",\"width\":838,\"height\":670,\"caption\":\"By Design or by Disaster 2019\"},\"image\":{\"@id\":\"https:\/\/designdisaster.unibz.it\/2019\/#\/schema\/logo\/image\/\"}}]}<\/script>\n<!-- \/ Yoast SEO plugin. -->","yoast_head_json":{"title":"Van Bo Le-Mentzel (DE) - By Design or by Disaster 2019","robots":{"index":"index","follow":"follow","max-snippet":"max-snippet:-1","max-image-preview":"max-image-preview:large","max-video-preview":"max-video-preview:-1"},"canonical":"https:\/\/designdisaster.unibz.it\/2019\/van-bo-le-mentzel-de\/","og_locale":"en_US","og_type":"article","og_title":"Van Bo Le-Mentzel (DE) - By Design or by Disaster 2019","og_description":"Van Bo Le-Mentzel Thursday 11 April\/ 10:30-11:15 Short Biography Van Bo Le-Mentzel (Geboren 1977) ist Architekt, Autor (&#8220;Der Kleine Professor&#8221;, 2016, Ecowin) und Filmemacher aus Berlin. Er ist unter anderem Initiator mehrerer Initiativen zwischen Design und sozialer Teilhabe. Bekannte Projekte sind Hartz IV M\u00f6bel (2010), One Sqm House (2013), Karma Chakhs (2013), Tinyhouse University (2015) [&hellip;]","og_url":"https:\/\/designdisaster.unibz.it\/2019\/van-bo-le-mentzel-de\/","og_site_name":"By Design or by Disaster 2019","article_modified_time":"2019-04-03T15:33:41+00:00","og_image":[{"width":5928,"height":3957,"url":"https:\/\/designdisaster.unibz.it\/2019\/wp-content\/uploads\/2019\/03\/Van-Bo-Le-Mentzel-9054-2-copyright-by-Jan-Pries.jpg","type":"image\/jpeg"}],"twitter_card":"summary_large_image","twitter_misc":{"Est. reading time":"1 minute"},"schema":{"@context":"https:\/\/schema.org","@graph":[{"@type":"WebPage","@id":"https:\/\/designdisaster.unibz.it\/2019\/van-bo-le-mentzel-de\/","url":"https:\/\/designdisaster.unibz.it\/2019\/van-bo-le-mentzel-de\/","name":"Van Bo Le-Mentzel (DE) - By Design or by Disaster 2019","isPartOf":{"@id":"https:\/\/designdisaster.unibz.it\/2019\/#website"},"primaryImageOfPage":{"@id":"https:\/\/designdisaster.unibz.it\/2019\/van-bo-le-mentzel-de\/#primaryimage"},"image":{"@id":"https:\/\/designdisaster.unibz.it\/2019\/van-bo-le-mentzel-de\/#primaryimage"},"thumbnailUrl":"https:\/\/designdisaster.unibz.it\/2019\/wp-content\/uploads\/2019\/03\/Van-Bo-Le-Mentzel-9054-2-copyright-by-Jan-Pries.jpg","datePublished":"2019-03-27T16:49:17+00:00","dateModified":"2019-04-03T15:33:41+00:00","breadcrumb":{"@id":"https:\/\/designdisaster.unibz.it\/2019\/van-bo-le-mentzel-de\/#breadcrumb"},"inLanguage":"en-US","potentialAction":[{"@type":"ReadAction","target":["https:\/\/designdisaster.unibz.it\/2019\/van-bo-le-mentzel-de\/"]}]},{"@type":"ImageObject","inLanguage":"en-US","@id":"https:\/\/designdisaster.unibz.it\/2019\/van-bo-le-mentzel-de\/#primaryimage","url":"https:\/\/designdisaster.unibz.it\/2019\/wp-content\/uploads\/2019\/03\/Van-Bo-Le-Mentzel-9054-2-copyright-by-Jan-Pries.jpg","contentUrl":"https:\/\/designdisaster.unibz.it\/2019\/wp-content\/uploads\/2019\/03\/Van-Bo-Le-Mentzel-9054-2-copyright-by-Jan-Pries.jpg","width":5928,"height":3957},{"@type":"BreadcrumbList","@id":"https:\/\/designdisaster.unibz.it\/2019\/van-bo-le-mentzel-de\/#breadcrumb","itemListElement":[{"@type":"ListItem","position":1,"name":"Home","item":"https:\/\/designdisaster.unibz.it\/2019\/"},{"@type":"ListItem","position":2,"name":"Van Bo Le-Mentzel (DE)"}]},{"@type":"WebSite","@id":"https:\/\/designdisaster.unibz.it\/2019\/#website","url":"https:\/\/designdisaster.unibz.it\/2019\/","name":"By Design or by Disaster 2019","description":"Conference","publisher":{"@id":"https:\/\/designdisaster.unibz.it\/2019\/#organization"},"potentialAction":[{"@type":"SearchAction","target":{"@type":"EntryPoint","urlTemplate":"https:\/\/designdisaster.unibz.it\/2019\/?s={search_term_string}"},"query-input":{"@type":"PropertyValueSpecification","valueRequired":true,"valueName":"search_term_string"}}],"inLanguage":"en-US"},{"@type":"Organization","@id":"https:\/\/designdisaster.unibz.it\/2019\/#organization","name":"By Design or by Disaster 2019","url":"https:\/\/designdisaster.unibz.it\/2019\/","logo":{"@type":"ImageObject","inLanguage":"en-US","@id":"https:\/\/designdisaster.unibz.it\/2019\/#\/schema\/logo\/image\/","url":"https:\/\/designdisaster.unibz.it\/2019\/wp-content\/uploads\/2018\/01\/logo.png","contentUrl":"https:\/\/designdisaster.unibz.it\/2019\/wp-content\/uploads\/2018\/01\/logo.png","width":838,"height":670,"caption":"By Design or by Disaster 2019"},"image":{"@id":"https:\/\/designdisaster.unibz.it\/2019\/#\/schema\/logo\/image\/"}}]}},"_links":{"self":[{"href":"https:\/\/designdisaster.unibz.it\/2019\/wp-json\/wp\/v2\/pages\/648","targetHints":{"allow":["GET"]}}],"collection":[{"href":"https:\/\/designdisaster.unibz.it\/2019\/wp-json\/wp\/v2\/pages"}],"about":[{"href":"https:\/\/designdisaster.unibz.it\/2019\/wp-json\/wp\/v2\/types\/page"}],"author":[{"embeddable":true,"href":"https:\/\/designdisaster.unibz.it\/2019\/wp-json\/wp\/v2\/users\/1002"}],"replies":[{"embeddable":true,"href":"https:\/\/designdisaster.unibz.it\/2019\/wp-json\/wp\/v2\/comments?post=648"}],"version-history":[{"count":3,"href":"https:\/\/designdisaster.unibz.it\/2019\/wp-json\/wp\/v2\/pages\/648\/revisions"}],"predecessor-version":[{"id":686,"href":"https:\/\/designdisaster.unibz.it\/2019\/wp-json\/wp\/v2\/pages\/648\/revisions\/686"}],"wp:featuredmedia":[{"embeddable":true,"href":"https:\/\/designdisaster.unibz.it\/2019\/wp-json\/wp\/v2\/media\/655"}],"wp:attachment":[{"href":"https:\/\/designdisaster.unibz.it\/2019\/wp-json\/wp\/v2\/media?parent=648"}],"curies":[{"name":"wp","href":"https:\/\/api.w.org\/{rel}","templated":true}]}}