{"id":66,"date":"2018-01-26T12:27:37","date_gmt":"2018-01-26T12:27:37","guid":{"rendered":"http:\/\/designdisaster.unibz.it\/2018\/?page_id=66"},"modified":"2018-03-20T17:07:12","modified_gmt":"2018-03-20T17:07:12","slug":"call-projects-papers-design-commons","status":"publish","type":"page","link":"https:\/\/designdisaster.unibz.it\/2018\/call-projects-papers-design-commons\/","title":{"rendered":"Pecha Kucha Schedule"},"content":{"rendered":"<h2>Pecha Kucha Schedule<\/h2>\n<p>We are excited to welcome speakers from all over Europe, who will present fascinating projects in a <a href=\"http:\/\/www.pechakucha.org\/\">Pecha Kucha<\/a> format.<\/p>\n<h3><\/h3>\n<p>&nbsp;<\/p>\n<h3>Friday 23 March<\/h3>\n<p><a href=\"http:\/\/designdisaster.unibz.it\/2018\/schedule\/\">16:00 &#8211; 17:00<\/a><\/p>\n<p>&nbsp;<\/p>\n<p><a href=\"https:\/\/www.buzzn.net\/\"><strong>BUZZN<\/strong><\/a> \/ Danusch Mahmoudi<br \/>\n<a href=\"https:\/\/martinadandolo.wordpress.com\/\"><strong>Inventari Informali<\/strong><\/a> \/ Martina Dandolo<br \/>\n<a href=\"http:\/\/www.macaomilano.org\/\"><strong>Macao<\/strong><\/a> \/ Federico Aldovisi, Manuella Gama Malcher and Simona Franz\u00e9<\/p>\n<p><strong>Unite in Diversity<\/strong> \/ Yansu Wang<br \/>\n<a href=\"http:\/\/transformazine.de\/\"><strong>Transformation &lt; &gt; Design<\/strong><\/a> \/ Saskia Hebert<br \/>\n<strong>Commons for Commons<\/strong> \/ Marius F\u00f6rster, Kristina Fromm, Arved B\u00fcnning, Raphaela K\u00fcper and Flora Mammana<\/p>\n<h3><\/h3>\n<p>&nbsp;<\/p>\n<h3>Saturday 24 March<\/h3>\n<p><a href=\"http:\/\/designdisaster.unibz.it\/2018\/schedule\/\">10:45 &#8211; 12:00<\/a><\/p>\n<p><span style=\"color: black; font-family: Calibri, sans-serif; font-size: small;\">\u00a0<\/span><\/p>\n<p><a href=\"http:\/\/www.thinking-visual.com\/\"><strong>Thinking Visual<\/strong><\/a> \/ Katrina G\u00fcnther<br \/>\n<strong>\u00dcberraschende F\u00e4higkeiten<\/strong> \/ Cornelia Faisst<br \/>\n<strong>Piu Segni Positivi<\/strong> \/ Paola Papetti, Elena Giunta and Matteo Colombo<br \/>\n<strong>Civic Tools as Commons?<\/strong> \/ Jennifer Schubert<br \/>\n<strong>Open Farm(ing)<\/strong> \/ Alastair Fuad-Luke<br \/>\n<a href=\"http:\/\/www.growlab.no\"><strong>Hello Storgata<\/strong><\/a> \/ Mads Palsrud and Tabea Glahs<br \/>\n<a href=\"http:\/\/tobiasbernard.com\/\"><strong>Software Freedom<\/strong><\/a> \/ Tobias Bernard<\/p>\n<p>&nbsp;<\/p>\n","protected":false},"excerpt":{"rendered":"<p>Pecha Kucha Schedule We are excited to welcome speakers from all over Europe, who will present fascinating projects in a Pecha Kucha format. &nbsp; Friday 23 March 16:00 &#8211; 17:00 &nbsp; BUZZN \/ Danusch Mahmoudi Inventari Informali \/ Martina Dandolo Macao \/ Federico Aldovisi, Manuella Gama Malcher and Simona Franz\u00e9 Unite in Diversity \/ Yansu [&hellip;]<\/p>\n","protected":false},"author":3,"featured_media":160,"parent":0,"menu_order":0,"comment_status":"closed","ping_status":"closed","template":"","meta":{"_acf_changed":false,"footnotes":""},"class_list":["post-66","page","type-page","status-publish","has-post-thumbnail","hentry"],"acf":[],"yoast_head":"<!-- This site is optimized with the Yoast SEO plugin v25.5 - https:\/\/yoast.com\/wordpress\/plugins\/seo\/ -->\n<title>Pecha Kucha Schedule | conference BY DESIGN OR BY DISASTER<\/title>\n<meta name=\"description\" content=\"Spread over two sessions, fourteen exciting presenters from all over Europe, will present their innovative ideas and projects. All presentations regard the topic of &quot;commons&quot; and range from open farming systems to ideas are software freedom.\" \/>\n<meta name=\"robots\" content=\"index, follow, max-snippet:-1, max-image-preview:large, max-video-preview:-1\" \/>\n<link rel=\"canonical\" href=\"https:\/\/designdisaster.unibz.it\/2018\/call-projects-papers-design-commons\/\" \/>\n<meta property=\"og:locale\" content=\"en_US\" \/>\n<meta property=\"og:type\" content=\"article\" \/>\n<meta property=\"og:title\" content=\"Pecha Kucha Schedule | conference BY DESIGN OR BY DISASTER\" \/>\n<meta property=\"og:description\" content=\"Spread over two sessions, fourteen exciting presenters from all over Europe, will present their innovative ideas and projects. All presentations regard the topic of &quot;commons&quot; and range from open farming systems to ideas are software freedom.\" \/>\n<meta property=\"og:url\" content=\"https:\/\/designdisaster.unibz.it\/2018\/call-projects-papers-design-commons\/\" \/>\n<meta property=\"og:site_name\" content=\"By Design or by Disaster 2018\" \/>\n<meta property=\"article:modified_time\" content=\"2018-03-20T17:07:12+00:00\" \/>\n<meta property=\"og:image\" content=\"https:\/\/designdisaster.unibz.it\/2018\/wp-content\/uploads\/2018\/02\/call-for-projects-10-e1517560582310.png\" \/>\n\t<meta property=\"og:image:width\" content=\"1459\" \/>\n\t<meta property=\"og:image:height\" content=\"888\" \/>\n\t<meta property=\"og:image:type\" content=\"image\/png\" \/>\n<meta name=\"twitter:card\" content=\"summary_large_image\" \/>\n<meta name=\"twitter:label1\" content=\"Est. reading time\" \/>\n\t<meta name=\"twitter:data1\" content=\"1 minute\" \/>\n<script type=\"application\/ld+json\" class=\"yoast-schema-graph\">{\"@context\":\"https:\/\/schema.org\",\"@graph\":[{\"@type\":\"WebPage\",\"@id\":\"https:\/\/designdisaster.unibz.it\/2018\/call-projects-papers-design-commons\/\",\"url\":\"https:\/\/designdisaster.unibz.it\/2018\/call-projects-papers-design-commons\/\",\"name\":\"Pecha Kucha Schedule | conference BY DESIGN OR BY DISASTER\",\"isPartOf\":{\"@id\":\"https:\/\/designdisaster.unibz.it\/2018\/#website\"},\"primaryImageOfPage\":{\"@id\":\"https:\/\/designdisaster.unibz.it\/2018\/call-projects-papers-design-commons\/#primaryimage\"},\"image\":{\"@id\":\"https:\/\/designdisaster.unibz.it\/2018\/call-projects-papers-design-commons\/#primaryimage\"},\"thumbnailUrl\":\"https:\/\/designdisaster.unibz.it\/2018\/wp-content\/uploads\/2018\/02\/call-for-projects-10-e1517560582310.png\",\"datePublished\":\"2018-01-26T12:27:37+00:00\",\"dateModified\":\"2018-03-20T17:07:12+00:00\",\"description\":\"Spread over two sessions, fourteen exciting presenters from all over Europe, will present their innovative ideas and projects. All presentations regard the topic of \\\"commons\\\" and range from open farming systems to ideas are software freedom.\",\"breadcrumb\":{\"@id\":\"https:\/\/designdisaster.unibz.it\/2018\/call-projects-papers-design-commons\/#breadcrumb\"},\"inLanguage\":\"en-US\",\"potentialAction\":[{\"@type\":\"ReadAction\",\"target\":[\"https:\/\/designdisaster.unibz.it\/2018\/call-projects-papers-design-commons\/\"]}]},{\"@type\":\"ImageObject\",\"inLanguage\":\"en-US\",\"@id\":\"https:\/\/designdisaster.unibz.it\/2018\/call-projects-papers-design-commons\/#primaryimage\",\"url\":\"https:\/\/designdisaster.unibz.it\/2018\/wp-content\/uploads\/2018\/02\/call-for-projects-10-e1517560582310.png\",\"contentUrl\":\"https:\/\/designdisaster.unibz.it\/2018\/wp-content\/uploads\/2018\/02\/call-for-projects-10-e1517560582310.png\",\"width\":1459,\"height\":888},{\"@type\":\"BreadcrumbList\",\"@id\":\"https:\/\/designdisaster.unibz.it\/2018\/call-projects-papers-design-commons\/#breadcrumb\",\"itemListElement\":[{\"@type\":\"ListItem\",\"position\":1,\"name\":\"Home\",\"item\":\"https:\/\/designdisaster.unibz.it\/2018\/\"},{\"@type\":\"ListItem\",\"position\":2,\"name\":\"Pecha Kucha Schedule\"}]},{\"@type\":\"WebSite\",\"@id\":\"https:\/\/designdisaster.unibz.it\/2018\/#website\",\"url\":\"https:\/\/designdisaster.unibz.it\/2018\/\",\"name\":\"By Design or by Disaster 2018\",\"description\":\"Conference\",\"publisher\":{\"@id\":\"https:\/\/designdisaster.unibz.it\/2018\/#organization\"},\"potentialAction\":[{\"@type\":\"SearchAction\",\"target\":{\"@type\":\"EntryPoint\",\"urlTemplate\":\"https:\/\/designdisaster.unibz.it\/2018\/?s={search_term_string}\"},\"query-input\":{\"@type\":\"PropertyValueSpecification\",\"valueRequired\":true,\"valueName\":\"search_term_string\"}}],\"inLanguage\":\"en-US\"},{\"@type\":\"Organization\",\"@id\":\"https:\/\/designdisaster.unibz.it\/2018\/#organization\",\"name\":\"By Design or by Disaster 2018\",\"url\":\"https:\/\/designdisaster.unibz.it\/2018\/\",\"logo\":{\"@type\":\"ImageObject\",\"inLanguage\":\"en-US\",\"@id\":\"https:\/\/designdisaster.unibz.it\/2018\/#\/schema\/logo\/image\/\",\"url\":\"https:\/\/designdisaster.unibz.it\/2018\/wp-content\/uploads\/2018\/01\/logo.png\",\"contentUrl\":\"https:\/\/designdisaster.unibz.it\/2018\/wp-content\/uploads\/2018\/01\/logo.png\",\"width\":838,\"height\":670,\"caption\":\"By Design or by Disaster 2018\"},\"image\":{\"@id\":\"https:\/\/designdisaster.unibz.it\/2018\/#\/schema\/logo\/image\/\"}}]}<\/script>\n<!-- \/ Yoast SEO plugin. -->","yoast_head_json":{"title":"Pecha Kucha Schedule | conference BY DESIGN OR BY DISASTER","description":"Spread over two sessions, fourteen exciting presenters from all over Europe, will present their innovative ideas and projects. All presentations regard the topic of \"commons\" and range from open farming systems to ideas are software freedom.","robots":{"index":"index","follow":"follow","max-snippet":"max-snippet:-1","max-image-preview":"max-image-preview:large","max-video-preview":"max-video-preview:-1"},"canonical":"https:\/\/designdisaster.unibz.it\/2018\/call-projects-papers-design-commons\/","og_locale":"en_US","og_type":"article","og_title":"Pecha Kucha Schedule | conference BY DESIGN OR BY DISASTER","og_description":"Spread over two sessions, fourteen exciting presenters from all over Europe, will present their innovative ideas and projects. All presentations regard the topic of \"commons\" and range from open farming systems to ideas are software freedom.","og_url":"https:\/\/designdisaster.unibz.it\/2018\/call-projects-papers-design-commons\/","og_site_name":"By Design or by Disaster 2018","article_modified_time":"2018-03-20T17:07:12+00:00","og_image":[{"width":1459,"height":888,"url":"https:\/\/designdisaster.unibz.it\/2018\/wp-content\/uploads\/2018\/02\/call-for-projects-10-e1517560582310.png","type":"image\/png"}],"twitter_card":"summary_large_image","twitter_misc":{"Est. reading time":"1 minute"},"schema":{"@context":"https:\/\/schema.org","@graph":[{"@type":"WebPage","@id":"https:\/\/designdisaster.unibz.it\/2018\/call-projects-papers-design-commons\/","url":"https:\/\/designdisaster.unibz.it\/2018\/call-projects-papers-design-commons\/","name":"Pecha Kucha Schedule | conference BY DESIGN OR BY DISASTER","isPartOf":{"@id":"https:\/\/designdisaster.unibz.it\/2018\/#website"},"primaryImageOfPage":{"@id":"https:\/\/designdisaster.unibz.it\/2018\/call-projects-papers-design-commons\/#primaryimage"},"image":{"@id":"https:\/\/designdisaster.unibz.it\/2018\/call-projects-papers-design-commons\/#primaryimage"},"thumbnailUrl":"https:\/\/designdisaster.unibz.it\/2018\/wp-content\/uploads\/2018\/02\/call-for-projects-10-e1517560582310.png","datePublished":"2018-01-26T12:27:37+00:00","dateModified":"2018-03-20T17:07:12+00:00","description":"Spread over two sessions, fourteen exciting presenters from all over Europe, will present their innovative ideas and projects. All presentations regard the topic of \"commons\" and range from open farming systems to ideas are software freedom.","breadcrumb":{"@id":"https:\/\/designdisaster.unibz.it\/2018\/call-projects-papers-design-commons\/#breadcrumb"},"inLanguage":"en-US","potentialAction":[{"@type":"ReadAction","target":["https:\/\/designdisaster.unibz.it\/2018\/call-projects-papers-design-commons\/"]}]},{"@type":"ImageObject","inLanguage":"en-US","@id":"https:\/\/designdisaster.unibz.it\/2018\/call-projects-papers-design-commons\/#primaryimage","url":"https:\/\/designdisaster.unibz.it\/2018\/wp-content\/uploads\/2018\/02\/call-for-projects-10-e1517560582310.png","contentUrl":"https:\/\/designdisaster.unibz.it\/2018\/wp-content\/uploads\/2018\/02\/call-for-projects-10-e1517560582310.png","width":1459,"height":888},{"@type":"BreadcrumbList","@id":"https:\/\/designdisaster.unibz.it\/2018\/call-projects-papers-design-commons\/#breadcrumb","itemListElement":[{"@type":"ListItem","position":1,"name":"Home","item":"https:\/\/designdisaster.unibz.it\/2018\/"},{"@type":"ListItem","position":2,"name":"Pecha Kucha Schedule"}]},{"@type":"WebSite","@id":"https:\/\/designdisaster.unibz.it\/2018\/#website","url":"https:\/\/designdisaster.unibz.it\/2018\/","name":"By Design or by Disaster 2018","description":"Conference","publisher":{"@id":"https:\/\/designdisaster.unibz.it\/2018\/#organization"},"potentialAction":[{"@type":"SearchAction","target":{"@type":"EntryPoint","urlTemplate":"https:\/\/designdisaster.unibz.it\/2018\/?s={search_term_string}"},"query-input":{"@type":"PropertyValueSpecification","valueRequired":true,"valueName":"search_term_string"}}],"inLanguage":"en-US"},{"@type":"Organization","@id":"https:\/\/designdisaster.unibz.it\/2018\/#organization","name":"By Design or by Disaster 2018","url":"https:\/\/designdisaster.unibz.it\/2018\/","logo":{"@type":"ImageObject","inLanguage":"en-US","@id":"https:\/\/designdisaster.unibz.it\/2018\/#\/schema\/logo\/image\/","url":"https:\/\/designdisaster.unibz.it\/2018\/wp-content\/uploads\/2018\/01\/logo.png","contentUrl":"https:\/\/designdisaster.unibz.it\/2018\/wp-content\/uploads\/2018\/01\/logo.png","width":838,"height":670,"caption":"By Design or by Disaster 2018"},"image":{"@id":"https:\/\/designdisaster.unibz.it\/2018\/#\/schema\/logo\/image\/"}}]}},"_links":{"self":[{"href":"https:\/\/designdisaster.unibz.it\/2018\/wp-json\/wp\/v2\/pages\/66","targetHints":{"allow":["GET"]}}],"collection":[{"href":"https:\/\/designdisaster.unibz.it\/2018\/wp-json\/wp\/v2\/pages"}],"about":[{"href":"https:\/\/designdisaster.unibz.it\/2018\/wp-json\/wp\/v2\/types\/page"}],"author":[{"embeddable":true,"href":"https:\/\/designdisaster.unibz.it\/2018\/wp-json\/wp\/v2\/users\/3"}],"replies":[{"embeddable":true,"href":"https:\/\/designdisaster.unibz.it\/2018\/wp-json\/wp\/v2\/comments?post=66"}],"version-history":[{"count":24,"href":"https:\/\/designdisaster.unibz.it\/2018\/wp-json\/wp\/v2\/pages\/66\/revisions"}],"predecessor-version":[{"id":292,"href":"https:\/\/designdisaster.unibz.it\/2018\/wp-json\/wp\/v2\/pages\/66\/revisions\/292"}],"wp:featuredmedia":[{"embeddable":true,"href":"https:\/\/designdisaster.unibz.it\/2018\/wp-json\/wp\/v2\/media\/160"}],"wp:attachment":[{"href":"https:\/\/designdisaster.unibz.it\/2018\/wp-json\/wp\/v2\/media?parent=66"}],"curies":[{"name":"wp","href":"https:\/\/api.w.org\/{rel}","templated":true}]}}